{"id":868,"date":"2023-03-01T16:18:03","date_gmt":"2023-03-01T15:18:03","guid":{"rendered":"https:\/\/lumini.traffika.agency\/advertising\/"},"modified":"2026-02-26T11:26:17","modified_gmt":"2026-02-26T10:26:17","slug":"advertising","status":"publish","type":"page","link":"https:\/\/lumini.hr\/en\/advertising\/","title":{"rendered":"Advertising"},"content":{"rendered":"\n<p>The Lumini Center is the largest shopping center in northwestern Croatia and enjoys the status of the most popular shopping and entertainment center in this part of the country. With a selected mix of stores and our marketing activities, we achieved our goal and became the number one choice of customers and visitors from Vara\u017edin, Me\u0111imurje and the Koprivnica-Kri\u017eeva\u010dka county.<\/p>\n\n\n\n<p>More than 2,600,000 visitors visit us annually, which is why we have become an effective channel of communication for your business, products and services.<\/p>\n\n\n\n<p>By advertising on our advertising spaces or organizing promotional activities and events, you can directly use our greatest competitive advantage \u2013 the attention of numerous visitors.<\/p>\n\n\n\n<p>Find more information about promotion possibilities, conditions and offers in the <a href=\"https:\/\/lumini.hr\/wp-content\/uploads\/2026\/02\/MAPA-CENTRA-ENG-1.3.pdf\">map of advertising and promotional areas.<\/a><\/p>\n","protected":false},"excerpt":{"rendered":"<p>The Lumini Center is the largest shopping center in northwestern Croatia and enjoys the status of the most popular shopping and entertainment center in this part of the country. With a selected mix of stores and our marketing activities, we achieved our goal and became the number one choice of customers and visitors from Vara\u017edin, [&hellip;]<\/p>\n","protected":false},"author":2,"featured_media":750,"parent":0,"menu_order":0,"comment_status":"closed","ping_status":"closed","template":"page-withsidebar.php","meta":{"_acf_changed":false,"footnotes":""},"class_list":["post-868","page","type-page","status-publish","has-post-thumbnail","hentry"],"acf":[],"yoast_head":"<!-- This site is optimized with the Yoast SEO plugin v27.4 - https:\/\/yoast.com\/product\/yoast-seo-wordpress\/ -->\n<title>Advertising - Lumini<\/title>\n<meta name=\"description\" content=\"The Lumini Center is the largest shopping center in northwestern Croatia with more than 2,600,000 annual visitors.\" \/>\n<meta name=\"robots\" content=\"noindex, follow\" \/>\n<meta property=\"og:locale\" content=\"en_US\" \/>\n<meta property=\"og:type\" content=\"article\" \/>\n<meta property=\"og:title\" content=\"Advertising - Lumini\" \/>\n<meta property=\"og:description\" content=\"The Lumini Center is the largest shopping center in northwestern Croatia with more than 2,600,000 annual visitors.\" \/>\n<meta property=\"og:url\" content=\"https:\/\/lumini.hr\/en\/advertising\/\" \/>\n<meta property=\"og:site_name\" content=\"Lumini\" \/>\n<meta property=\"article:modified_time\" content=\"2026-02-26T10:26:17+00:00\" \/>\n<meta property=\"og:image\" content=\"https:\/\/lumini.hr\/wp-content\/uploads\/2023\/03\/oglasavanje.jpg\" \/>\n\t<meta property=\"og:image:width\" content=\"1600\" \/>\n\t<meta property=\"og:image:height\" content=\"1068\" \/>\n\t<meta property=\"og:image:type\" content=\"image\/jpeg\" \/>\n<meta name=\"twitter:card\" content=\"summary_large_image\" \/>\n<meta name=\"twitter:label1\" content=\"Est. reading time\" \/>\n\t<meta name=\"twitter:data1\" content=\"1 minute\" \/>\n<script type=\"application\/ld+json\" class=\"yoast-schema-graph\">{\"@context\":\"https:\\\/\\\/schema.org\",\"@graph\":[{\"@type\":\"WebPage\",\"@id\":\"https:\\\/\\\/lumini.hr\\\/en\\\/advertising\\\/\",\"url\":\"https:\\\/\\\/lumini.hr\\\/en\\\/advertising\\\/\",\"name\":\"Advertising - Lumini\",\"isPartOf\":{\"@id\":\"https:\\\/\\\/lumini.hr\\\/en\\\/#website\"},\"primaryImageOfPage\":{\"@id\":\"https:\\\/\\\/lumini.hr\\\/en\\\/advertising\\\/#primaryimage\"},\"image\":{\"@id\":\"https:\\\/\\\/lumini.hr\\\/en\\\/advertising\\\/#primaryimage\"},\"thumbnailUrl\":\"https:\\\/\\\/lumini.hr\\\/wp-content\\\/uploads\\\/2023\\\/03\\\/oglasavanje.jpg\",\"datePublished\":\"2023-03-01T15:18:03+00:00\",\"dateModified\":\"2026-02-26T10:26:17+00:00\",\"description\":\"The Lumini Center is the largest shopping center in northwestern Croatia with more than 2,600,000 annual visitors.\",\"breadcrumb\":{\"@id\":\"https:\\\/\\\/lumini.hr\\\/en\\\/advertising\\\/#breadcrumb\"},\"inLanguage\":\"en-US\",\"potentialAction\":[{\"@type\":\"ReadAction\",\"target\":[\"https:\\\/\\\/lumini.hr\\\/en\\\/advertising\\\/\"]}]},{\"@type\":\"ImageObject\",\"inLanguage\":\"en-US\",\"@id\":\"https:\\\/\\\/lumini.hr\\\/en\\\/advertising\\\/#primaryimage\",\"url\":\"https:\\\/\\\/lumini.hr\\\/wp-content\\\/uploads\\\/2023\\\/03\\\/oglasavanje.jpg\",\"contentUrl\":\"https:\\\/\\\/lumini.hr\\\/wp-content\\\/uploads\\\/2023\\\/03\\\/oglasavanje.jpg\",\"width\":1600,\"height\":1068},{\"@type\":\"BreadcrumbList\",\"@id\":\"https:\\\/\\\/lumini.hr\\\/en\\\/advertising\\\/#breadcrumb\",\"itemListElement\":[{\"@type\":\"ListItem\",\"position\":1,\"name\":\"Po\u010detna stranica\",\"item\":\"https:\\\/\\\/lumini.hr\\\/en\\\/\"},{\"@type\":\"ListItem\",\"position\":2,\"name\":\"Advertising\"}]},{\"@type\":\"WebSite\",\"@id\":\"https:\\\/\\\/lumini.hr\\\/en\\\/#website\",\"url\":\"https:\\\/\\\/lumini.hr\\\/en\\\/\",\"name\":\"Lumini\",\"description\":\"\",\"potentialAction\":[{\"@type\":\"SearchAction\",\"target\":{\"@type\":\"EntryPoint\",\"urlTemplate\":\"https:\\\/\\\/lumini.hr\\\/en\\\/?s={search_term_string}\"},\"query-input\":{\"@type\":\"PropertyValueSpecification\",\"valueRequired\":true,\"valueName\":\"search_term_string\"}}],\"inLanguage\":\"en-US\"}]}<\/script>\n<!-- \/ Yoast SEO plugin. -->","yoast_head_json":{"title":"Advertising - Lumini","description":"The Lumini Center is the largest shopping center in northwestern Croatia with more than 2,600,000 annual visitors.","robots":{"index":"noindex","follow":"follow"},"og_locale":"en_US","og_type":"article","og_title":"Advertising - Lumini","og_description":"The Lumini Center is the largest shopping center in northwestern Croatia with more than 2,600,000 annual visitors.","og_url":"https:\/\/lumini.hr\/en\/advertising\/","og_site_name":"Lumini","article_modified_time":"2026-02-26T10:26:17+00:00","og_image":[{"width":1600,"height":1068,"url":"https:\/\/lumini.hr\/wp-content\/uploads\/2023\/03\/oglasavanje.jpg","type":"image\/jpeg"}],"twitter_card":"summary_large_image","twitter_misc":{"Est. reading time":"1 minute"},"schema":{"@context":"https:\/\/schema.org","@graph":[{"@type":"WebPage","@id":"https:\/\/lumini.hr\/en\/advertising\/","url":"https:\/\/lumini.hr\/en\/advertising\/","name":"Advertising - Lumini","isPartOf":{"@id":"https:\/\/lumini.hr\/en\/#website"},"primaryImageOfPage":{"@id":"https:\/\/lumini.hr\/en\/advertising\/#primaryimage"},"image":{"@id":"https:\/\/lumini.hr\/en\/advertising\/#primaryimage"},"thumbnailUrl":"https:\/\/lumini.hr\/wp-content\/uploads\/2023\/03\/oglasavanje.jpg","datePublished":"2023-03-01T15:18:03+00:00","dateModified":"2026-02-26T10:26:17+00:00","description":"The Lumini Center is the largest shopping center in northwestern Croatia with more than 2,600,000 annual visitors.","breadcrumb":{"@id":"https:\/\/lumini.hr\/en\/advertising\/#breadcrumb"},"inLanguage":"en-US","potentialAction":[{"@type":"ReadAction","target":["https:\/\/lumini.hr\/en\/advertising\/"]}]},{"@type":"ImageObject","inLanguage":"en-US","@id":"https:\/\/lumini.hr\/en\/advertising\/#primaryimage","url":"https:\/\/lumini.hr\/wp-content\/uploads\/2023\/03\/oglasavanje.jpg","contentUrl":"https:\/\/lumini.hr\/wp-content\/uploads\/2023\/03\/oglasavanje.jpg","width":1600,"height":1068},{"@type":"BreadcrumbList","@id":"https:\/\/lumini.hr\/en\/advertising\/#breadcrumb","itemListElement":[{"@type":"ListItem","position":1,"name":"Po\u010detna stranica","item":"https:\/\/lumini.hr\/en\/"},{"@type":"ListItem","position":2,"name":"Advertising"}]},{"@type":"WebSite","@id":"https:\/\/lumini.hr\/en\/#website","url":"https:\/\/lumini.hr\/en\/","name":"Lumini","description":"","potentialAction":[{"@type":"SearchAction","target":{"@type":"EntryPoint","urlTemplate":"https:\/\/lumini.hr\/en\/?s={search_term_string}"},"query-input":{"@type":"PropertyValueSpecification","valueRequired":true,"valueName":"search_term_string"}}],"inLanguage":"en-US"}]}},"publishpress_future_workflow_manual_trigger":{"enabledWorkflows":[]},"_links":{"self":[{"href":"https:\/\/lumini.hr\/en\/wp-json\/wp\/v2\/pages\/868","targetHints":{"allow":["GET"]}}],"collection":[{"href":"https:\/\/lumini.hr\/en\/wp-json\/wp\/v2\/pages"}],"about":[{"href":"https:\/\/lumini.hr\/en\/wp-json\/wp\/v2\/types\/page"}],"author":[{"embeddable":true,"href":"https:\/\/lumini.hr\/en\/wp-json\/wp\/v2\/users\/2"}],"replies":[{"embeddable":true,"href":"https:\/\/lumini.hr\/en\/wp-json\/wp\/v2\/comments?post=868"}],"version-history":[{"count":0,"href":"https:\/\/lumini.hr\/en\/wp-json\/wp\/v2\/pages\/868\/revisions"}],"wp:featuredmedia":[{"embeddable":true,"href":"https:\/\/lumini.hr\/en\/wp-json\/wp\/v2\/media\/750"}],"wp:attachment":[{"href":"https:\/\/lumini.hr\/en\/wp-json\/wp\/v2\/media?parent=868"}],"curies":[{"name":"wp","href":"https:\/\/api.w.org\/{rel}","templated":true}]}}